{"id":11,"date":"2021-03-21T15:10:42","date_gmt":"2021-03-21T15:10:42","guid":{"rendered":"https:\/\/www.ambulante.com.ar\/?page_id=11"},"modified":"2026-05-06T06:08:51","modified_gmt":"2026-05-06T06:08:51","slug":"sobre-ambulante","status":"publish","type":"page","link":"https:\/\/www.ambulante.com.ar\/en\/sobre-ambulante\/","title":{"rendered":"About us"},"content":{"rendered":"<div class=\"brz-root__container brz-reset-all brz brz-root__container-page\">\n<section id=\"_gkylyxufryzvyzjmbvhivjzqwtkfhlxrprbf\" class=\"brz-section brz-css-yownt0\">\n<div class=\"brz-section__content brz-section--boxed brz-css-18bwt3t brz-css-1o9lch3\" data-brz-custom-id=\"dvvutkottmaohiaxxqrqvfdsudlwlmyvfsgd\">\n<div class=\"brz-bg\">\n<div class=\"brz-bg-image\"><\/div>\n<div class=\"brz-bg-color\"><\/div>\n<\/div>\n<div class=\"brz-container brz-css-ndhgfp\">\n<div id=\"\" class=\"brz-css-1vgvkce brz-css-15c0n7p brz-wrapper\">\n<div class=\"brz-spacer brz-css-1idy5tr brz-css-1y4c3fr\"><\/div>\n<\/div>\n<div class=\"brz-row__container brz-css-1ryq3bt brz-css-t48dzd\" data-brz-custom-id=\"gzyasgssvcgqjzxiqwxlvpcozijpccddrjzl\">\n<div class=\"brz-bg\"><\/div>\n<div class=\"brz-row brz-css-1lg1jy brz-css-1xhpt55\">\n<div class=\"brz-columns brz-css-aqc9oz brz-css-oatwml\" data-brz-custom-id=\"zkmigakdblusgucbtqagkhzvesgrtdbkbool\">\n<div class=\"brz-bg\"><\/div>\n<div class=\"brz-column__items brz-css-jyv5b1\">\n<div id=\"\" class=\"brz-css-1vgvkce brz-wrapper\">\n<div class=\"brz-rich-text brz-rich-text__custom brz-css-6v9ejx\" data-brz-custom-id=\"vixhliujuftmdzjsmlkdxiockhddbslukbxr\">\n<div data-brz-translate-text=\"1\">\n<p class=\"brz-text-lg-left brz-tp-lg-zuveognsgvseouvwymhnjvbngvzajgwkvcqb brz-css-hrR0U\" data-uniq-id=\"bcvcg\" data-generated-css=\"brz-css-aehqz\"><span class=\"brz-cp-color7\">ABOUT AMBULANTE STUDIO<\/span><\/p>\n<\/div>\n<\/div>\n<\/div>\n<div id=\"\" class=\"brz-css-1vgvkce brz-wrapper\">\n<div class=\"brz-rich-text brz-rich-text__custom brz-css-6v9ejx\" data-brz-custom-id=\"whldztakldrpknatfpqwakgnlzorirxvkndp\">\n<div data-brz-translate-text=\"1\">\n<h2 class=\"brz-tp-lg-heading2 brz-text-lg-left brz-css-wbQhF\" data-uniq-id=\"uc1cg\" data-generated-css=\"brz-css-zm1Mr\">Somos un estudio <span class=\"brz-cp-color3\">especializado<\/span> en comunicaci\u00f3n visual, enfocado en el dise\u00f1o de identidad corporativa, tanto en formato gr\u00e1fico como web.<\/h2>\n<\/div>\n<\/div>\n<\/div>\n<div id=\"\" class=\"brz-css-1vgvkce brz-css-15c0n7p brz-wrapper\">\n<div class=\"brz-spacer brz-css-1idy5tr brz-css-1rccb3l\"><\/div>\n<\/div>\n<\/div>\n<\/div>\n<\/div>\n<\/div>\n<\/div>\n<\/div>\n<\/section>\n<section id=\"_zojkihemjbhyezccrpxqhoiibxqnzdtpfsbm\" class=\"brz-section brz-css-yownt0\">\n<div class=\"brz-section__content brz-section--boxed brz-css-18bwt3t brz-css-16at1t3\" data-brz-custom-id=\"kwpshtcektudylbwyshnnbvygqwtodpujuju\">\n<div class=\"brz-bg\">\n<div class=\"brz-bg-color\"><\/div>\n<\/div>\n<div class=\"brz-container brz-css-ndhgfp\">\n<div class=\"brz-row__container brz-css-1ryq3bt\" data-brz-custom-id=\"lfldxyaykgjjbcwthsktwuuqpuayhrpouufh\">\n<div class=\"brz-bg\"><\/div>\n<div class=\"brz-row brz-css-1lg1jy\">\n<div class=\"brz-columns brz-css-aqc9oz brz-css-1glufz0\" data-brz-custom-id=\"nlveddhuocwggtxnrqbbzgtndiehboncqojb\">\n<div class=\"brz-bg\"><\/div>\n<div class=\"brz-column__items brz-css-jyv5b1 brz-css-g6gyf5\">\n<div id=\"\" class=\"brz-css-1vgvkce brz-css-15c0n7p brz-wrapper\">\n<div class=\"brz-spacer brz-css-1idy5tr\"><\/div>\n<\/div>\n<\/div>\n<\/div>\n<div class=\"brz-columns brz-css-aqc9oz\" data-brz-custom-id=\"fsgophhojvezdlaklrgupppkrxwejguyflww\">\n<div class=\"brz-bg\"><\/div>\n<div class=\"brz-column__items brz-css-jyv5b1\">\n<div id=\"\" class=\"brz-css-1vgvkce brz-wrapper\">\n<div class=\"brz-rich-text brz-rich-text__custom brz-css-6v9ejx\" data-brz-custom-id=\"bwrdsqrqfwalxnihkpyfkkqeevfwpfdfzmbz\">\n<div data-brz-translate-text=\"1\">\n<h4 class=\"brz-text-xs-left brz-text-lg-left brz-tp-lg-heading4 brz-css-qQjln\" data-generated-css=\"brz-css-ko2BQ\" data-uniq-id=\"q54cq\"><span class=\"brz-cp-color7\">Nuestra pasi\u00f3n por ir m\u00e1s all\u00e1 nos lleva a complementar nuestros servicios con fotograf\u00eda documental e ilustraci\u00f3n, potenciando as\u00ed la presencia visual de nuestros clientes en cualquier plataforma. Trabajamos incansablemente para llevar a cabo la misi\u00f3n que nos encomiendan, all\u00e1 donde se encuentre.<\/span><\/h4>\n<\/div>\n<\/div>\n<\/div>\n<\/div>\n<\/div>\n<\/div>\n<\/div>\n<\/div>\n<\/div>\n<\/section>\n<section id=\"_qkesbrwvlzlvhndbthtumsogboiogskkzygh\" class=\"brz-section brz-css-yownt0\">\n<div class=\"brz-section__content brz-section--boxed brz-css-18bwt3t brz-css-1684s1x\" data-brz-custom-id=\"olalduphnlbfxxtbqhgrkzvyqxkpfdfryszb\">\n<div class=\"brz-bg\">\n<div class=\"brz-bg-color\"><\/div>\n<\/div>\n<div class=\"brz-container brz-css-ndhgfp brz-css-cdyvy3\">\n<div id=\"\" class=\"brz-css-1vgvkce brz-wrapper\">\n<div class=\"brz-rich-text brz-rich-text__custom brz-css-6v9ejx\" data-brz-custom-id=\"tsZDApaQydc3\">\n<div data-brz-translate-text=\"1\">\n<p class=\"brz-text-lg-center brz-tp-lg-abovetitle brz-css-wteOM\" data-uniq-id=\"jEia6\" data-generated-css=\"brz-css-aXY7T\"><span class=\"brz-cp-color7\">nuestro enfoque<\/span><\/p>\n<\/div>\n<\/div>\n<\/div>\n<div id=\"\" class=\"brz-css-1vgvkce brz-css-15c0n7p brz-wrapper\">\n<div class=\"brz-spacer brz-css-1idy5tr brz-css-1wrwt55\"><\/div>\n<\/div>\n<div class=\"brz-row__container brz-css-1ryq3bt\" data-brz-custom-id=\"xgximgkmymgodgtasjhccdzzvxgghtnehkao\">\n<div class=\"brz-bg\"><\/div>\n<div class=\"brz-row brz-css-1lg1jy brz-css-10tr7ya\">\n<div class=\"brz-columns brz-css-aqc9oz brz-css-pdss8m\" data-brz-custom-id=\"kfzsfuqaifbpghrczkkykbtashuoxwyqqwhf\">\n<div class=\"brz-column__items brz-css-jyv5b1 brz-css-vz4y2q\">\n<div id=\"\" class=\"brz-css-1vgvkce brz-wrapper\">\n<div class=\"brz-rich-text brz-rich-text__custom brz-css-6v9ejx\" data-brz-custom-id=\"fyhhhflwroltuhwpcnrykzgkchhfkjrfweve\">\n<div data-brz-translate-text=\"1\">\n<p class=\"brz-text-xs-center brz-tp-lg-heading3 brz-mb-lg-30 brz-css-fhCPw\" data-uniq-id=\"d9SPR\" data-generated-css=\"brz-css-mA1IB\"><span class=\"brz-cp-color7\">Empat\u00eda<\/span><\/p>\n<\/div>\n<\/div>\n<\/div>\n<div id=\"\" class=\"brz-css-1vgvkce brz-wrapper\">\n<div class=\"brz-rich-text brz-rich-text__custom brz-css-6v9ejx\" data-brz-custom-id=\"wpuiktmthjibbxcqmigemzrxhwjgnjfuntrp\">\n<div data-brz-translate-text=\"1\">\n<p class=\"brz-text-xs-center brz-tp-lg-paragraph brz-css-oLpYw\" data-generated-css=\"brz-css-z_g3o\" data-uniq-id=\"hMgRv\"><span class=\"brz-cp-color7\">Nos sumergimos en tu visi\u00f3n y nos aseguramos de que cada elemento del dise\u00f1o refleje tu identidad.<\/span><\/p>\n<\/div>\n<\/div>\n<\/div>\n<div id=\"\" class=\"brz-css-1vgvkce brz-css-15c0n7p brz-css-1g73ct5 brz-wrapper\">\n<div class=\"brz-spacer brz-css-1idy5tr brz-css-dry067\"><\/div>\n<\/div>\n<\/div>\n<\/div>\n<div class=\"brz-columns brz-css-aqc9oz brz-css-eyp1xw\" data-brz-custom-id=\"uqifagfbaphaxmcahvggtjxhfrkjegsubyin\">\n<div class=\"brz-column__items brz-css-jyv5b1 brz-css-1fbc2mp\">\n<div id=\"\" class=\"brz-css-1vgvkce brz-wrapper\">\n<div class=\"brz-rich-text brz-rich-text__custom brz-css-6v9ejx\" data-brz-custom-id=\"lbvsgjrtioiftqektoqjxxpzmkfztctukyyn\">\n<div data-brz-translate-text=\"1\">\n<p class=\"brz-text-xs-center brz-tp-lg-heading3 brz-mb-lg-30 brz-css-j2Qjr\" data-uniq-id=\"x4bhv\" data-generated-css=\"brz-css-npnoW\">Hol\u00edstico<\/p>\n<\/div>\n<\/div>\n<\/div>\n<div id=\"\" class=\"brz-css-1vgvkce brz-wrapper\">\n<div class=\"brz-rich-text brz-rich-text__custom brz-css-6v9ejx\" data-brz-custom-id=\"jvwzdbfmlgpczxmzhtxjlpbtryjotfmfnlzl\">\n<div data-brz-translate-text=\"1\">\n<p class=\"brz-text-xs-center brz-tp-lg-paragraph brz-css-dFsfw\" data-uniq-id=\"hT5gR\" data-generated-css=\"brz-css-ihc_w\"><span class=\"brz-cp-color7\">Desde el concepto inicial hasta la ejecuci\u00f3n final, soluciones adaptadas a tus necesidades.<\/span><\/p>\n<\/div>\n<\/div>\n<\/div>\n<div id=\"\" class=\"brz-css-1vgvkce brz-css-15c0n7p brz-css-n40kv8 brz-wrapper\">\n<div class=\"brz-spacer brz-css-1idy5tr brz-css-1bynpn3\"><\/div>\n<\/div>\n<\/div>\n<\/div>\n<div class=\"brz-columns brz-css-aqc9oz brz-css-15fwh93\" data-brz-custom-id=\"gmqmeiodvzsyszdwujuwrvudghxcabwkhccb\">\n<div class=\"brz-column__items brz-css-jyv5b1 brz-css-ih78wk\">\n<div id=\"\" class=\"brz-css-1vgvkce brz-wrapper\">\n<div class=\"brz-rich-text brz-rich-text__custom brz-css-6v9ejx\" data-brz-custom-id=\"ggrumekwbrceroigqxaaoaqrxqmpkvnrngco\">\n<div data-brz-translate-text=\"1\">\n<p class=\"brz-text-xs-center brz-tp-lg-heading3 brz-mb-lg-30 brz-css-uZrR3\" data-uniq-id=\"yYyEj\" data-generated-css=\"brz-css-iARgu\"><span class=\"brz-cp-color7\">Calidad<\/span><\/p>\n<\/div>\n<\/div>\n<\/div>\n<div id=\"\" class=\"brz-css-1vgvkce brz-wrapper\">\n<div class=\"brz-rich-text brz-rich-text__custom brz-css-6v9ejx\" data-brz-custom-id=\"nxgfwprlbjuraboxjxonoyefshbqrbkwxzcn\">\n<div data-brz-translate-text=\"1\">\n<p class=\"brz-text-xs-center brz-tp-lg-paragraph brz-css-cJOVh\" data-generated-css=\"brz-css-leGBz\" data-uniq-id=\"s40Dk\"><span class=\"brz-cp-color7\">Impulsados a combinar creatividad y funcionalidad para ofrecer dise\u00f1os visualmente impactantes.<\/span><\/p>\n<\/div>\n<\/div>\n<\/div>\n<div id=\"\" class=\"brz-css-1vgvkce brz-css-15c0n7p brz-css-5txs4p brz-wrapper\">\n<div class=\"brz-spacer brz-css-1idy5tr brz-css-11i0lsl\"><\/div>\n<\/div>\n<\/div>\n<\/div>\n<\/div>\n<\/div>\n<\/div>\n<\/div>\n<\/section>\n<\/div>\n<p>    <!-- version:1736957779 --><\/p>","protected":false},"excerpt":{"rendered":"<p>SOBRE AMBULANTE Somos un estudio especializado en comunicaci\u00f3n visual, enfocado en el dise\u00f1o de identidad corporativa, tanto en formato gr\u00e1fico [&hellip;]<\/p>\n","protected":false},"author":1,"featured_media":0,"parent":0,"menu_order":0,"comment_status":"closed","ping_status":"closed","template":"","meta":{"_acf_changed":false,"_monsterinsights_skip_tracking":false,"_monsterinsights_sitenote_active":false,"_monsterinsights_sitenote_note":"","_monsterinsights_sitenote_category":0,"footnotes":""},"class_list":["post-11","page","type-page","status-publish","hentry"],"blocksy_meta":{"styles_descriptor":{"styles":{"desktop":"","tablet":"","mobile":""},"google_fonts":[],"version":6}},"acf":[],"brizy_media":[{"id":2764,"url":"https:\/\/www.ambulante.com.ar\/wp-content\/uploads\/2021\/07\/3-am-bg-b.jpg","name":"3-am-bg-b.jpg","meta":{"brizy_attachment_uid":"wp-5ec54c3ce2609789f4f080281ab4d0f4.jpg","brizy_post_uid":["98d2142e47ffa2f4f8d2f1392d1a28b1","4ef969e6521a974e0c799b6ea6d387e9"]}},{"id":2763,"url":"https:\/\/www.ambulante.com.ar\/wp-content\/uploads\/2021\/07\/3-am-bg-a.jpg","name":"3-am-bg-a.jpg","meta":{"brizy_attachment_uid":"wp-fb0e3bb882bbf94ede3f5e3be5f368fe.jpg","brizy_post_uid":["98d2142e47ffa2f4f8d2f1392d1a28b1","4ef969e6521a974e0c799b6ea6d387e9"]}}],"_links":{"self":[{"href":"https:\/\/www.ambulante.com.ar\/en\/wp-json\/wp\/v2\/pages\/11","targetHints":{"allow":["GET"]}}],"collection":[{"href":"https:\/\/www.ambulante.com.ar\/en\/wp-json\/wp\/v2\/pages"}],"about":[{"href":"https:\/\/www.ambulante.com.ar\/en\/wp-json\/wp\/v2\/types\/page"}],"author":[{"embeddable":true,"href":"https:\/\/www.ambulante.com.ar\/en\/wp-json\/wp\/v2\/users\/1"}],"replies":[{"embeddable":true,"href":"https:\/\/www.ambulante.com.ar\/en\/wp-json\/wp\/v2\/comments?post=11"}],"version-history":[{"count":20,"href":"https:\/\/www.ambulante.com.ar\/en\/wp-json\/wp\/v2\/pages\/11\/revisions"}],"predecessor-version":[{"id":9811,"href":"https:\/\/www.ambulante.com.ar\/en\/wp-json\/wp\/v2\/pages\/11\/revisions\/9811"}],"wp:attachment":[{"href":"https:\/\/www.ambulante.com.ar\/en\/wp-json\/wp\/v2\/media?parent=11"}],"curies":[{"name":"wp","href":"https:\/\/api.w.org\/{rel}","templated":true}]}}